{"id":348,"date":"2018-08-01T01:16:30","date_gmt":"2018-08-01T01:16:30","guid":{"rendered":"https:\/\/www.dafabetaffiliates.com\/es\/?page_id=348"},"modified":"2022-03-16T04:45:30","modified_gmt":"2022-03-16T04:45:30","slug":"revenueshare","status":"publish","type":"page","link":"https:\/\/www.dafabetaffiliates.com\/es\/revenueshare\/","title":{"rendered":"Participaci\u00f3n de Ingresos"},"content":{"rendered":"<p style=\"text-align: center;\"><strong>Participaci\u00f3n de Ingresos para Afiliados de Dafabet<\/strong><\/p>\n<p style=\"text-align: left;\">1.Obtendr\u00e1 una tasa inicial del 30% de participaci\u00f3n en los ingresos bajo el Programa de Afiliados de Dafabet como se indica a continuaci\u00f3n. Cuantos m\u00e1s jugadores e ingresos de dinero real generes, m\u00e1s ganar\u00e1s. Se te pagar\u00e1 una ganancia recurrente de sus jugadores mes tras mes mientras su actividad de juego contin\u00fae y su Acuerdo con Dafabet siga siendo v\u00e1lido y subsistente seg\u00fan sus t\u00e9rminos y condiciones.<\/p>\n<p>2. Le pagaremos un reparto de ingresos que es un porcentaje de los Ingresos Netos mensuales totales del juego en cualquiera de nuestros Sitios generados como resultado de todos los Jugadores de Dinero Real que usted refiere en virtud del Acuerdo. Cuantos m\u00e1s jugadores de dinero real refieras y m\u00e1s ingresos generen estos jugadores, m\u00e1s ganar\u00e1s. Se te pagar\u00e1 una ganancia recurrente de sus jugadores mes tras mes mientras su actividad de juego contin\u00fae y su acuerdo con nosotros siga siendo v\u00e1lido y no se haya terminado de acuerdo con sus t\u00e9rminos.<\/p>\n<p class=\"table-title\" style=\"text-align: center;\">Productos de Dafabet<\/p>\n<table>\n<thead>\n<tr>\n<th>Ingreso Neto<\/th>\n<th>Porcentaje<\/th>\n<\/tr>\n<\/thead>\n<tbody>\n<tr>\n<td>USD 1 \u2013 4,999<\/td>\n<td>30%<\/td>\n<\/tr>\n<tr>\n<td>USD 5,000 \u2013 29,999<\/td>\n<td>35%<\/td>\n<\/tr>\n<tr>\n<td>USD 30,000+<\/td>\n<td>40%<\/td>\n<\/tr>\n<\/tbody>\n<\/table>\n<p style=\"text-align: left;\">3.Obtendr\u00e1 una participaci\u00f3n en los ingresos en funci\u00f3n de los ingresos generados por sus jugadores de dinero real referidos. \u201cIngresos netos\u201d se define como:<\/p>\n<ul>\n<li style=\"text-align: left;\">CASINO EN VIVO DAFABET: Apuestas totales referidas menos (a) ganancias totales, (bonificaciones), (c) bonos gratis y (d) comisiones de administraci\u00f3n (15% de los ingresos brutos), (e) actividad fraudulenta de la cuenta. Luego, la diferencia se multiplica por el porcentaje de participaci\u00f3n en los ingresos dados, seg\u00fan la tasa de escala.<\/li>\n<li style=\"text-align: left;\">DAFABET SPORTSBOOK: las apuestas totales referidas menos (a) el total de ganancias (bonificaciones) y (c) las tarifas de administraci\u00f3n (24% de los ingresos netos), (d) actividad de cuenta fraudulenta. Luego, la diferencia se multiplica por el porcentaje de participaci\u00f3n en los ingresos dado, seg\u00fan la tasa de escala.<\/li>\n<li style=\"text-align: left;\">TODOS LOS DEM\u00c1S PRODUCTOS DE DAFABET: las apuestas totales de los jugadores referidos son menos (a) las ganancias totales, (b) las bonificaciones, (c) bonos gratis y (d) la actividad de la cuenta fraudulenta. Luego, la diferencia se multiplica por el porcentaje de participaci\u00f3n en los ingresos dado arriba, dependiendo de la tasa de escala.<\/li>\n<\/ul>\n<p style=\"text-align: left;\"><em>* Para los jugadores de un Afiliado que se registraron en Dafabet antes de la implementaci\u00f3n de los nuevos t\u00e9rminos del Programa de Afiliados, en agosto de 2018, los planes de recompensa ya establecidos para sus cuentas a partir de agosto de 2018 se mantendr\u00e1n y aplicar\u00e1n en consecuencia. Los detalles del antiguo plan de recompensa se pueden encontrar aqu\u00ed.<\/em><\/p>\n<p style=\"text-align: left;\">4.\u00a0Para evitar dudas, la aplicaci\u00f3n de la Participaci\u00f3n en los Ingresos en los Ingresos Netos mensuales se realiza de forma escalonada, lo que significa que, si los Ingresos Netos alcanzan un nivel superior al 1, el aumento de la Participaci\u00f3n en los Ingresos solo se aplicar\u00e1 a la cantidad en exceso del nivel anterior.<\/p>\n<p style=\"text-align: left;\">5.\u00a0 Su participaci\u00f3n en los ingresos se revisar\u00e1 cada mes y est\u00e1 sujeta a una actualizaci\u00f3n o reducci\u00f3n de calificaci\u00f3n seg\u00fan la tasa de escala. Para tener derecho a su participaci\u00f3n en los ingresos, debe mantener un m\u00ednimo de cinco (5) jugadores activos de dinero real por mes.<\/p>\n<p style=\"text-align: left;\">6.\u00a0Si no promueve continuamente el Sitio al no tener nuevos registros y \/ o la eliminaci\u00f3n de los banners de Dafabet en su sitio afiliado, esto se considerar\u00e1 como un incumplimiento del contrato y dar\u00e1 lugar autom\u00e1ticamente a la terminaci\u00f3n de este Acuerdo y cualquier otra reclamaci\u00f3n en los futuros ingresos compartidos se consideran exentos.<\/p>\n<p style=\"text-align: left;\">7.\u00a0Programa Dafa Tier \/ sub-afiliado. Tambi\u00e9n puede invitar a otras personas (los familiares cercanos y familiares no son elegibles) para convertirse en su subafiliado bajo el Programa Tier. El programa Tier puede ayudarlo a ganar una comisi\u00f3n adicional de sus sub-afiliados. La estructura de la comisi\u00f3n para el Programa Tier se enumera a continuaci\u00f3n:<\/p>\n<p style=\"text-align: left;\">Programa Dafabet Sub-Affiliate:<\/p>\n<p style=\"text-align: left; padding-left: 30px;\">1st Tier (Master affiliate) = Normal Rev-share + 3% of Net Revenue of sub-affiliate<br \/>\n2nd Tier (Sub-affiliate) = Normal Rev-share<\/p>\n<p style=\"text-align: left; padding-left: 30px;\"><em>* Si desea presentar un sub-afiliado, no dude en contactarnos.<\/em><\/p>\n<p style=\"text-align: left;\">8.\u00a0Deducci\u00f3n de los pagos. Si sus jugadores est\u00e1n involucrados en una colusi\u00f3n o cualquier otro problema fraudulento, el administrador del Programa de Afiliados de Dafabet tiene derecho a deducir de sus ingresos compartiendo los fondos retenidos o eliminar la cuenta del jugador de sus jugadores referidos registrados.<\/p>\n<p style=\"text-align: left;\">9.\u00a0&#8220;Devoluci\u00f3n de dinero&#8221;: si el titular de una tarjeta de cr\u00e9dito descubre transacciones irregulares realizadas en su tarjeta de cr\u00e9dito \/ d\u00e9bito, que no fueron autorizadas por \u00e9l. El titular de la tarjeta de cr\u00e9dito luego solicita a su banco que revierta estos cargos. Las devoluciones de cargos se relacionan con el uso fraudulento por parte de un tercero de la tarjeta del titular de la tarjeta de cr\u00e9dito o del n\u00famero de la tarjeta.<\/p>\n<p style=\"padding-left: 30px; text-align: left;\">9.1\u00a0En caso de que su jugador referido procese un cargo de vuelta, los ingresos en disputa o devueltos cobrados generados por su jugador referido se perder\u00e1n y no se incluir\u00e1n a los fines de calcular la parte de los ingresos adeudados a usted para el mes actual.<\/p>\n<p style=\"padding-left: 30px; text-align: left;\">9.2\u00a0Si esta deducci\u00f3n de los ingresos acumulados excede su monto actual adeudado, su saldo volver\u00e1 a ser un saldo negativo, y tendr\u00e1 que obtener ingresos para cubrir el reembolso antes de que pueda comenzar a obtener ingresos nuevamente.<\/p>\n<p style=\"padding-left: 30px; text-align: left;\">9.3\u00a0A diferencia de un jugador que gana una gran cantidad, que solo dura un mes, la devoluci\u00f3n de cargos se mantendr\u00e1 hasta que los ingresos generados por sus otros jugadores hayan cubierto la cantidad adeudada. Entendemos que esto puede ser frustrante para los afiliados, pero debe quedar claro que solo podemos pagarle su parte de los ingresos de un porcentaje de las ganancias de su jugador referido y no por ingresos fraudulentos.<\/p>\n<p style=\"text-align: left;\">10.\u00a0Pagaremos su comisi\u00f3n a mediados de cada mes. Sin embargo, un afiliado debe ganar un m\u00ednimo de USD100 por pago y tener un m\u00ednimo de cinco (5) jugadores activos de dinero real para que su comisi\u00f3n sea procesada y pagada.<\/p>\n<p style=\"padding-left: 30px; text-align: left;\">10.1\u00a0Si un afiliado no alcanza el monto m\u00ednimo estipulado en un mes en particular, el monto ganado se reenviar\u00e1 al siguiente mes calendario hasta que se alcance el m\u00ednimo. Si la cuenta est\u00e1 en negativo (es decir, las ganancias del cliente superan la p\u00e9rdida del cliente), el monto negativo se transferir\u00e1 a los meses siguientes. El reparto de ingresos se basar\u00e1 en nuestro c\u00e1lculo, basado en nuestras estad\u00edsticas. Los saldos de comisiones negativos se deducir\u00e1n de las comisiones disponibles.<\/p>\n<p style=\"padding-left: 30px; text-align: left;\">10.2 Del mismo modo, si los afiliados no logran obtener cinco (5) jugadores activos de dinero real despu\u00e9s del per\u00edodo de tres (3) meses como se estipul\u00f3 anteriormente, todas las ganancias del mes se adelantar\u00e1n el mes siguiente. No se emitir\u00e1 ning\u00fan pago hasta que se cumpla este criterio.<\/p>\n<p style=\"text-align: left;\">11.\u00a0Se deducir\u00e1 una tarifa de procesamiento del 10% en los pagos mediante transferencia bancaria para cubrir las tarifas de procesamiento bancario para saldos de pagos de afiliados inferiores a USD200.<\/p>\n<p style=\"padding-left: 30px; text-align: left;\">11.1\u00a0Todos los pagos se pagar\u00e1n en d\u00f3lares estadounidenses o en la moneda de su elecci\u00f3n al configurar su cuenta de afiliado. Cuando se requiera la conversi\u00f3n de moneda, el monto adeudado se convertir\u00e1 utilizando nuestras tasas de cambio en el momento en que se gan\u00f3 la participaci\u00f3n en los ingresos. Cualquier cambio en la moneda debe enviarse mediante una solicitud por escrito o un correo electr\u00f3nico a nuestros Gerentes de afiliados. Cualquier solicitud por correo electr\u00f3nico debe hacerse utilizando el correo electr\u00f3nico registrado de los afiliados con el Programa de afiliados \u00fanicamente.<\/p>\n<p style=\"padding-left: 30px; text-align: left;\">11.2\u00a0Todas las cantidades que gane en virtud del Acuerdo son exclusivas de todos los cargos, impuestos (incluido el Impuesto al Valor Agregado, cuando corresponda), aranceles, aranceles, impuestos especiales o aranceles. Dichos cargos, impuestos, aranceles, aranceles, impuestos especiales o aranceles ser\u00e1n para su cuenta a la tasa vigente en el momento en que se paga la participaci\u00f3n en los ingresos. Para evitar dudas, usted ser\u00e1 el \u00fanico y principal responsable de cualquier impuesto que se imponga sobre la participaci\u00f3n en los ingresos de la autoridad fiscal en la jurisdicci\u00f3n en la que est\u00e1 domiciliado para fines de impuesto a la renta, pero en el caso de que Dafabet deba retener cualquier impuesto. pagadero por e impuesto a usted por una autoridad fiscal en cualquier jurisdicci\u00f3n donde Dafabet opera desde o dentro, usted ser\u00e1 el \u00fanico responsable del pago de dicho impuesto y no tendr\u00e1 derecho a recuperar dicho impuesto de Dafabet.<\/p>\n","protected":false},"excerpt":{"rendered":"Participaci\u00f3n de Ingresos para Afiliados de Dafabet 1.Obtendr\u00e1 una tasa inicial del 30% de participaci\u00f3n en los ingresos bajo el Programa de Afiliados de Dafabet como se indica a continuaci\u00f3n. Cuantos m\u00e1s jugadores e ingresos de dinero real generes, m\u00e1s ganar\u00e1s. Se te pagar\u00e1 una ganancia recurrente de sus jugadores mes tras mes mientras su&#8230; <a class=\"view-article\" href=\"https:\/\/www.dafabetaffiliates.com\/es\/revenueshare\/\">View Article<\/a>","protected":false},"author":3,"featured_media":0,"parent":0,"menu_order":0,"comment_status":"closed","ping_status":"closed","template":"","meta":{"_acf_changed":false,"footnotes":""},"class_list":["post-348","page","type-page","status-publish","hentry"],"acf":[],"yoast_head":"<!-- This site is optimized with the Yoast SEO plugin v27.5 - https:\/\/yoast.com\/product\/yoast-seo-wordpress\/ -->\n<title>Participaci\u00f3n de Ingresos - Affiliate Marketing Program at Dafabet.com<\/title>\n<meta name=\"robots\" content=\"index, follow, max-snippet:-1, max-image-preview:large, max-video-preview:-1\" \/>\n<link rel=\"canonical\" href=\"https:\/\/www.dafabetaffiliates.com\/es\/revenueshare\/\" \/>\n<meta property=\"og:locale\" content=\"en_US\" \/>\n<meta property=\"og:type\" content=\"article\" \/>\n<meta property=\"og:title\" content=\"Participaci\u00f3n de Ingresos - Affiliate Marketing Program at Dafabet.com\" \/>\n<meta property=\"og:description\" content=\"Participaci\u00f3n de Ingresos para Afiliados de Dafabet 1.Obtendr\u00e1 una tasa inicial del 30% de participaci\u00f3n en los ingresos bajo el Programa de Afiliados de Dafabet como se indica a continuaci\u00f3n. Cuantos m\u00e1s jugadores e ingresos de dinero real generes, m\u00e1s ganar\u00e1s. Se te pagar\u00e1 una ganancia recurrente de sus jugadores mes tras mes mientras su... View Article\" \/>\n<meta property=\"og:url\" content=\"https:\/\/www.dafabetaffiliates.com\/es\/revenueshare\/\" \/>\n<meta property=\"og:site_name\" content=\"Affiliate Marketing Program at Dafabet.com\" \/>\n<meta property=\"article:modified_time\" content=\"2022-03-16T04:45:30+00:00\" \/>\n<meta name=\"twitter:card\" content=\"summary_large_image\" \/>\n<meta name=\"twitter:label1\" content=\"Est. reading time\" \/>\n\t<meta name=\"twitter:data1\" content=\"7 minutes\" \/>\n<script type=\"application\/ld+json\" class=\"yoast-schema-graph\">{\"@context\":\"https:\\\/\\\/schema.org\",\"@graph\":[{\"@type\":\"WebPage\",\"@id\":\"https:\\\/\\\/www.dafabetaffiliates.com\\\/es\\\/revenueshare\\\/\",\"url\":\"https:\\\/\\\/www.dafabetaffiliates.com\\\/es\\\/revenueshare\\\/\",\"name\":\"Participaci\u00f3n de Ingresos - Affiliate Marketing Program at Dafabet.com\",\"isPartOf\":{\"@id\":\"https:\\\/\\\/www.dafabetaffiliates.com\\\/es\\\/#website\"},\"datePublished\":\"2018-08-01T01:16:30+00:00\",\"dateModified\":\"2022-03-16T04:45:30+00:00\",\"breadcrumb\":{\"@id\":\"https:\\\/\\\/www.dafabetaffiliates.com\\\/es\\\/revenueshare\\\/#breadcrumb\"},\"inLanguage\":\"en-US\",\"potentialAction\":[{\"@type\":\"ReadAction\",\"target\":[\"https:\\\/\\\/www.dafabetaffiliates.com\\\/es\\\/revenueshare\\\/\"]}]},{\"@type\":\"BreadcrumbList\",\"@id\":\"https:\\\/\\\/www.dafabetaffiliates.com\\\/es\\\/revenueshare\\\/#breadcrumb\",\"itemListElement\":[{\"@type\":\"ListItem\",\"position\":1,\"name\":\"Home\",\"item\":\"https:\\\/\\\/www.dafabetaffiliates.com\\\/es\\\/\"},{\"@type\":\"ListItem\",\"position\":2,\"name\":\"Participaci\u00f3n de Ingresos\"}]},{\"@type\":\"WebSite\",\"@id\":\"https:\\\/\\\/www.dafabetaffiliates.com\\\/es\\\/#website\",\"url\":\"https:\\\/\\\/www.dafabetaffiliates.com\\\/es\\\/\",\"name\":\"Affiliate Marketing Program at Dafabet.com\",\"description\":\"\",\"potentialAction\":[{\"@type\":\"SearchAction\",\"target\":{\"@type\":\"EntryPoint\",\"urlTemplate\":\"https:\\\/\\\/www.dafabetaffiliates.com\\\/es\\\/?s={search_term_string}\"},\"query-input\":{\"@type\":\"PropertyValueSpecification\",\"valueRequired\":true,\"valueName\":\"search_term_string\"}}],\"inLanguage\":\"en-US\"}]}<\/script>\n<!-- \/ Yoast SEO plugin. -->","yoast_head_json":{"title":"Participaci\u00f3n de Ingresos - Affiliate Marketing Program at Dafabet.com","robots":{"index":"index","follow":"follow","max-snippet":"max-snippet:-1","max-image-preview":"max-image-preview:large","max-video-preview":"max-video-preview:-1"},"canonical":"https:\/\/www.dafabetaffiliates.com\/es\/revenueshare\/","og_locale":"en_US","og_type":"article","og_title":"Participaci\u00f3n de Ingresos - Affiliate Marketing Program at Dafabet.com","og_description":"Participaci\u00f3n de Ingresos para Afiliados de Dafabet 1.Obtendr\u00e1 una tasa inicial del 30% de participaci\u00f3n en los ingresos bajo el Programa de Afiliados de Dafabet como se indica a continuaci\u00f3n. Cuantos m\u00e1s jugadores e ingresos de dinero real generes, m\u00e1s ganar\u00e1s. Se te pagar\u00e1 una ganancia recurrente de sus jugadores mes tras mes mientras su... View Article","og_url":"https:\/\/www.dafabetaffiliates.com\/es\/revenueshare\/","og_site_name":"Affiliate Marketing Program at Dafabet.com","article_modified_time":"2022-03-16T04:45:30+00:00","twitter_card":"summary_large_image","twitter_misc":{"Est. reading time":"7 minutes"},"schema":{"@context":"https:\/\/schema.org","@graph":[{"@type":"WebPage","@id":"https:\/\/www.dafabetaffiliates.com\/es\/revenueshare\/","url":"https:\/\/www.dafabetaffiliates.com\/es\/revenueshare\/","name":"Participaci\u00f3n de Ingresos - Affiliate Marketing Program at Dafabet.com","isPartOf":{"@id":"https:\/\/www.dafabetaffiliates.com\/es\/#website"},"datePublished":"2018-08-01T01:16:30+00:00","dateModified":"2022-03-16T04:45:30+00:00","breadcrumb":{"@id":"https:\/\/www.dafabetaffiliates.com\/es\/revenueshare\/#breadcrumb"},"inLanguage":"en-US","potentialAction":[{"@type":"ReadAction","target":["https:\/\/www.dafabetaffiliates.com\/es\/revenueshare\/"]}]},{"@type":"BreadcrumbList","@id":"https:\/\/www.dafabetaffiliates.com\/es\/revenueshare\/#breadcrumb","itemListElement":[{"@type":"ListItem","position":1,"name":"Home","item":"https:\/\/www.dafabetaffiliates.com\/es\/"},{"@type":"ListItem","position":2,"name":"Participaci\u00f3n de Ingresos"}]},{"@type":"WebSite","@id":"https:\/\/www.dafabetaffiliates.com\/es\/#website","url":"https:\/\/www.dafabetaffiliates.com\/es\/","name":"Affiliate Marketing Program at Dafabet.com","description":"","potentialAction":[{"@type":"SearchAction","target":{"@type":"EntryPoint","urlTemplate":"https:\/\/www.dafabetaffiliates.com\/es\/?s={search_term_string}"},"query-input":{"@type":"PropertyValueSpecification","valueRequired":true,"valueName":"search_term_string"}}],"inLanguage":"en-US"}]}},"_links":{"self":[{"href":"https:\/\/www.dafabetaffiliates.com\/es\/wp-json\/wp\/v2\/pages\/348","targetHints":{"allow":["GET"]}}],"collection":[{"href":"https:\/\/www.dafabetaffiliates.com\/es\/wp-json\/wp\/v2\/pages"}],"about":[{"href":"https:\/\/www.dafabetaffiliates.com\/es\/wp-json\/wp\/v2\/types\/page"}],"author":[{"embeddable":true,"href":"https:\/\/www.dafabetaffiliates.com\/es\/wp-json\/wp\/v2\/users\/3"}],"replies":[{"embeddable":true,"href":"https:\/\/www.dafabetaffiliates.com\/es\/wp-json\/wp\/v2\/comments?post=348"}],"version-history":[{"count":5,"href":"https:\/\/www.dafabetaffiliates.com\/es\/wp-json\/wp\/v2\/pages\/348\/revisions"}],"predecessor-version":[{"id":979,"href":"https:\/\/www.dafabetaffiliates.com\/es\/wp-json\/wp\/v2\/pages\/348\/revisions\/979"}],"wp:attachment":[{"href":"https:\/\/www.dafabetaffiliates.com\/es\/wp-json\/wp\/v2\/media?parent=348"}],"curies":[{"name":"wp","href":"https:\/\/api.w.org\/{rel}","templated":true}]}}