{"id":348,"date":"2018-08-01T01:16:30","date_gmt":"2018-08-01T01:16:30","guid":{"rendered":"https:\/\/www.dafabetaffiliates.com\/vn\/?page_id=348"},"modified":"2026-01-30T13:13:27","modified_gmt":"2026-01-30T13:13:27","slug":"revenueshare","status":"publish","type":"page","link":"https:\/\/www.dafabetaffiliates.com\/vn\/revenueshare\/","title":{"rendered":"Chia S\u1ebb L\u1ee3i Nhu\u1eadn Dafabet"},"content":{"rendered":"\n<p class=\"has-text-align-center\">Chia S\u1ebb L\u1ee3i Nhu\u1eadn \u0110\u1ea1i L\u00fd Dafabet<\/p>\n\n\n\n<p class=\"has-text-align-left\">1. \u1ede Ch\u01b0\u01a1ng tr\u00ecnh \u0110\u1ea1i l\u00fd Dafabet, b\u1ea1n s\u1ebd nh\u1eadn \u0111\u01b0\u1ee3c hoa h\u1ed3ng h\u00e0ng th\u00e1ng v\u1edbi t\u1ef7 l\u1ec7 ban \u0111\u1ea7u l\u00e0 35% d\u1ef1a tr\u00ean t\u1ed5ng l\u1ee3i nhu\u1eadn r\u00f2ng t\u1eeb nh\u1eefng ng\u01b0\u1eddi ch\u01a1i thu\u1ed9c \u0111\u1ea1i l\u00fd c\u1ee7a m\u00ecnh, theo nh\u01b0 b\u1ea3ng b\u00ean d\u01b0\u1edbi. B\u1ea1n ki\u1ebfm \u0111\u01b0\u1ee3c c\u00e0ng \u0111\u00f4ng ng\u01b0\u1eddi ch\u01a1i v\u00e0 ng\u01b0\u1eddi ch\u01a1i c\u1ee7a b\u1ea1n \u0111\u1eb7t c\u01b0\u1ee3c c\u00e0ng nhi\u1ec1u th\u00ec hoa h\u1ed3ng nh\u1eadn v\u1ec1 s\u1ebd c\u00e0ng cao. B\u1ea1n s\u1ebd \u0111\u01b0\u1ee3c tr\u1ea3 hoa h\u1ed3ng \u0111\u1ecbnh k\u1ef3 h\u00e0ng th\u00e1ng mi\u1ec5n l\u00e0 t\u00e0i kho\u1ea3n \u0111\u1ea1i l\u00fd c\u1ee7a b\u1ea1n tu\u00e2n th\u1ee7 \u0111i\u1ec1u kho\u1ea3n \u0111i\u1ec1u ki\u1ec7n c\u1ee7a Dafabet v\u00e0 \u0111\u1ee7 \u0111i\u1ec1u ki\u1ec7n nh\u1eadn th\u01b0\u1edfng (trong th\u00e1ng c\u1ea7n c\u00f3 \u00edt nh\u1ea5t 5 ng\u01b0\u1eddi ch\u01a1i c\u00f3 ph\u00e1t sinh n\u1ea1p ti\u1ec1n v\u00e0 \u0111\u1eb7t c\u01b0\u1ee3c, c\u0169ng nh\u01b0 s\u1ed1 ti\u1ec1n hoa h\u1ed3ng t\u00edch l\u0169y c\u1ea7n \u0111\u1ea1t m\u1ee9c t\u1ed1i thi\u1ec3u 100 USD).<br>2. H\u00e0ng th\u00e1ng, ch\u00fang t\u00f4i s\u1ebd chia s\u1ebb v\u1edbi b\u1ea1n m\u1ed9t ph\u1ea7n l\u1ee3i nhu\u1eadn r\u00f2ng ki\u1ebfm \u0111\u01b0\u1ee3c t\u1eeb c\u00e1c ng\u01b0\u1eddi ch\u01a1i m\u00e0 b\u1ea1n gi\u1edbi thi\u1ec7u th\u00e0nh c\u00f4ng khi h\u1ecd ch\u01a1i t\u1ea1i c\u00e1c s\u1ea3n ph\u1ea9m c\u1ee7a trang web ch\u00fang t\u00f4i theo t\u1ec9 l\u1ec7 % t\u01b0\u01a1ng \u1ee9ng. Ti\u1ec1n hoa h\u1ed3ng \u0111\u1ea1i l\u00fd s\u1ebd \u0111\u01b0\u1ee3c x\u00e9t duy\u1ec7t v\u00e0 thanh to\u00e1n ri\u00eang bi\u1ec7t cho t\u1eebng s\u1ea3n ph\u1ea9m. Y\u00eau c\u1ea7u s\u1ed1 ng\u01b0\u1eddi n\u1ea1p ti\u1ec1n v\u00e0 s\u1ed1 ti\u1ec1n hoa h\u1ed3ng t\u1ed1i thi\u1ec3u c\u0169ng \u0111\u01b0\u1ee3c x\u00e9t ri\u00eang cho m\u1ed7i s\u1ea3n ph\u1ea9m.<\/p>\n\n\n\n<p class=\"has-text-align-center table-title\">C\u00e1c s\u1ea3n ph\u1ea9m Dafabet<\/p>\n\n\n\n<figure class=\"wp-block-table\"><table><thead><tr><th>M\u1ee9c L\u1ee3i Nhu\u1eadn R\u00f2ng<\/th><th>T\u1ec9 l\u1ec7 %<\/th><\/tr><\/thead><tbody><tr><td>40 \u2013 5,000 USD<\/td><td>35%<\/td><\/tr><tr><td>5,001 \u2013 29,999 USD<\/td><td>40%<\/td><\/tr><tr><td>30,000 &#8211; 50,000 USD<\/td><td>45%<\/td><\/tr><tr><td>50,001 USD+<\/td><td>50%<\/td><\/tr><\/tbody><\/table><\/figure>\n\n\n\n<p><\/p>\n\n\n\n<p><\/p>\n\n\n\n<p><\/p>\n\n\n\n<p><\/p>\n\n\n\n<p class=\"has-text-align-left\">3. B\u1ea1n s\u1ebd nh\u1eadn \u0111\u01b0\u1ee3c m\u1ed9t ph\u1ea7n chia s\u1ebb t\u1eeb t\u1ed5ng l\u1ee3i nhu\u1eadn r\u00f2ng thu \u0111\u01b0\u1ee3c t\u1eeb nh\u1eefng Ng\u01b0\u1eddi ch\u01a1i Ti\u1ec1n th\u1eadt c\u1ee7a m\u00ecnh. \u201cL\u1ee3i Nhu\u1eadn R\u00f2ng\u201d \u0111\u01b0\u1ee3c \u0111\u1ecbnh ngh\u0129a l\u00e0:<\/p>\n\n\n\n<p class=\"has-text-align-left\">\u2022 CASINO TR\u1ef0C TUY\u1ebeN: T\u1ed5ng c\u01b0\u1ee3c c\u1ee7a ng\u01b0\u1eddi ch\u01a1i tr\u1eeb \u0111i (a) t\u1ed5ng c\u01b0\u1ee3c th\u1eafng, (b) ti\u1ec1n th\u01b0\u1edfng, (c) \u0111i\u1ec3m ti\u1ec1n m\u1eb7t (comp), (d) ph\u00ed qu\u1ea3n tr\u1ecb (15% c\u1ee7a t\u1ed5ng doanh thu r\u00f2ng) v\u00e0 (e) ho\u1ea1t \u0111\u1ed9ng c\u1ee7a c\u00e1c t\u00e0i kho\u1ea3n ng\u01b0\u1eddi ch\u01a1i gian l\u1eadn. \u0110\u00e2y ch\u00ednh l\u00e0 l\u1ee3i nhu\u1eadn r\u00f2ng, v\u00e0 s\u1ed1 ti\u1ec1n hoa h\u1ed3ng c\u1ee7a b\u1ea1n s\u1ebd b\u1eb1ng l\u1ee3i nhu\u1eadn r\u00f2ng nh\u00e2n v\u1edbi t\u1ec9 l\u1ec7 % hoa h\u1ed3ng t\u01b0\u01a1ng \u1ee9ng \u1edf b\u1ea3ng tr\u00ean.<\/p>\n\n\n\n<p class=\"has-text-align-left\">B\u1ea1n s\u1ebd nh\u1eadn \u0111\u01b0\u1ee3c m\u1ed9t ph\u1ea7n chia s\u1ebb t\u1eeb t\u1ed5ng l\u1ee3i nhu\u1eadn r\u00f2ng thu \u0111\u01b0\u1ee3c t\u1eeb nh\u1eefng Ng\u01b0\u1eddi ch\u01a1i Ti\u1ec1n th\u1eadt c\u1ee7a m\u00ecnh. \u201cL\u1ee3i Nhu\u1eadn R\u00f2ng\u201d \u0111\u01b0\u1ee3c \u0111\u1ecbnh ngh\u0129a l\u00e0:<br>\u2022 TH\u1ec2 THAO OW V\u00c0 TH\u1ec2 THAO DAFA: T\u1ed5ng c\u01b0\u1ee3c c\u1ee7a ng\u01b0\u1eddi ch\u01a1i tr\u1eeb \u0111i (a) t\u1ed5ng c\u01b0\u1ee3c th\u1eafng, (b) ti\u1ec1n th\u01b0\u1edfng, (c) ph\u00ed qu\u1ea3n tr\u1ecb (15% c\u1ee7a t\u1ed5ng doanh thu r\u00f2ng) v\u00e0 (d) ho\u1ea1t \u0111\u1ed9ng c\u1ee7a c\u00e1c t\u00e0i kho\u1ea3n ng\u01b0\u1eddi ch\u01a1i gian l\u1eadn. \u0110\u00e2y ch\u00ednh l\u00e0 l\u1ee3i nhu\u1eadn r\u00f2ng, v\u00e0 s\u1ed1 ti\u1ec1n hoa h\u1ed3ng c\u1ee7a b\u1ea1n s\u1ebd b\u1eb1ng l\u1ee3i nhu\u1eadn r\u00f2ng nh\u00e2n v\u1edbi t\u1ec9 l\u1ec7 % hoa h\u1ed3ng t\u01b0\u01a1ng \u1ee9ng \u1edf b\u1ea3ng tr\u00ean.<br>\u2022 NH\u1eeeNG S\u1ea2N PH\u1ea8M KH\u00c1C \u2013 T\u1ed5ng c\u01b0\u1ee3c c\u1ee7a ng\u01b0\u1eddi ch\u01a1i tr\u1eeb \u0111i (a) t\u1ed5ng c\u01b0\u1ee3c th\u1eafng, (b) ti\u1ec1n th\u01b0\u1edfng, (c) \u0111i\u1ec3m ti\u1ec1n m\u1eb7t (comp), (d) ph\u00ed qu\u1ea3n tr\u1ecb (15% c\u1ee7a t\u1ed5ng doanh thu r\u00f2ng) v\u00e0 (e) ho\u1ea1t \u0111\u1ed9ng c\u1ee7a c\u00e1c t\u00e0i kho\u1ea3n ng\u01b0\u1eddi ch\u01a1i gian l\u1eadn. \u0110\u00e2y ch\u00ednh l\u00e0 l\u1ee3i nhu\u1eadn r\u00f2ng, v\u00e0 s\u1ed1 ti\u1ec1n hoa h\u1ed3ng c\u1ee7a b\u1ea1n s\u1ebd b\u1eb1ng l\u1ee3i nhu\u1eadn r\u00f2ng nh\u00e2n v\u1edbi t\u1ec9 l\u1ec7 % hoa h\u1ed3ng t\u01b0\u01a1ng \u1ee9ng \u1edf b\u1ea3ng tr\u00ean.<\/p>\n\n\n\n<p class=\"has-text-align-left\"><\/p>\n\n\n\n<p class=\"has-text-align-left\">4. Vi\u1ec7c \u00e1p d\u1ee5ng chia s\u1ebb hoa h\u1ed3ng theo L\u1ee3i Nhu\u1eadn R\u00f2ng \u0111\u01b0\u1ee3c d\u1ef1a tr\u00ean c\u01a1 s\u1edf ph\u00e2n m\u1ee9c, ngh\u0129a l\u00e0 n\u1ebfu L\u1ee3i Nhu\u1eadn R\u00f2ng v\u01b0\u1ee3t qua m\u1ee9c 1 th\u00ec t\u1ef7 l\u1ec7 ph\u1ea7n tr\u0103m hoa h\u1ed3ng cao h\u01a1n c\u1ee7a m\u1ee9c ti\u1ebfp theo s\u1ebd ch\u1ec9 \u00e1p d\u1ee5ng cho kho\u1ea3n l\u1ee3i nhu\u1eadn r\u00f2ng v\u01b0\u1ee3t qu\u00e1 m\u1ee9c ngay tr\u01b0\u1edbc \u0111\u00f3.<\/p>\n\n\n\n<p class=\"has-text-align-left\">5. T\u1ec9 l\u1ec7 hoa h\u1ed3ng c\u1ee7a b\u1ea1n s\u1ebd \u0111\u01b0\u1ee3c xem x\u00e9t m\u1ed7i th\u00e1ng v\u00e0 c\u00f3 th\u1ec3 \u0111\u01b0\u1ee3c n\u00e2ng c\u1ea5p ho\u1eb7c h\u1ea1 c\u1ea5p d\u1ef1a theo quy \u0111\u1ecbnh \u1edf b\u1ea3ng tr\u00ean. \u0110\u1ec3 \u0111\u1ee7 \u0111i\u1ec1u ki\u1ec7n nh\u1eadn hoa h\u1ed3ng, b\u1ea1n c\u1ea7n duy tr\u00ec \u00edt nh\u1ea5t n\u0103m (5) Ng\u01b0\u1eddi Ch\u01a1i ti\u1ec1n th\u1eadt c\u00f3 ho\u1ea1t \u0111\u1ed9ng \u0111\u1eb7t c\u01b0\u1ee3c m\u1ed7i th\u00e1ng, v\u00e0 s\u1ed1 ti\u1ec1n hoa h\u1ed3ng t\u00edch l\u0169y c\u1ea7n \u0111\u01b0\u1ee3c \u0111\u1ea1t m\u1ee9c t\u1ed1i thi\u1ec3u 100 USD.<\/p>\n\n\n\n<p class=\"has-text-align-left\">6.N\u1ebfu b\u1ea1n th\u1ea5t b\u1ea1i trong vi\u1ec7c qu\u1ea3ng b\u00e1 trang web, nh\u01b0 li\u00ean t\u1ee5c kh\u00f4ng c\u00f3 ng\u01b0\u1eddi ch\u01a1i \u0111\u0103ng k\u00fd m\u1edbi v\u00e0\/ho\u1eb7c x\u00f3a banner c\u1ee7a Dafabet \u1edf trang qu\u1ea3ng c\u00e1o c\u1ee7a minh, \u0111i\u1ec1u n\u00e0y s\u1ebd b\u1ecb coi l\u00e0 vi ph\u1ea1m h\u1ee3p \u0111\u1ed3ng v\u00e0 s\u1ebd t\u1ef1 \u0111\u1ed9ng d\u1eabn \u0111\u1ebfn vi\u1ec7c ch\u1ea5m d\u1ee9t m\u1ed1i quan h\u1ec7 \u0111\u1ed1i t\u00e1c v\u00e0 m\u1ecdi khi\u1ebfu n\u1ea1i kh\u00e1c v\u1ec1 chia s\u1ebb hoa h\u1ed3ng trong t\u01b0\u01a1ng lai s\u1ebd kh\u00f4ng \u0111\u01b0\u1ee3c xem x\u00e9t.<\/p>\n\n\n\n<p class=\"has-text-align-left\">7. Ch\u01b0\u01a1ng tr\u00ecnh \u0111\u1ea1i l\u00fd Dafabet ch\u1ec9 c\u00f3 m\u1ed9t c\u01a1 ch\u1ebf duy nh\u1ea5t l\u00e0 t\u1eeb \u0111\u1ea1i l\u00fd tr\u1ef1c ti\u1ebfp \u0111\u1ebfn ng\u01b0\u1eddi ch\u01a1i, ch\u1ee9 kh\u00f4ng c\u00f3 h\u00ecnh th\u1ee9c Ph\u00e2n C\u1ea5p \u0110\u1ea1i L\u00fd\/\u0110\u1ea1i L\u00fd Con.<\/p>\n\n\n\n<p class=\"has-text-align-left\">8. Kh\u1ea5u tr\u1eeb c\u00e1c kho\u1ea3n thanh to\u00e1n: N\u1ebfu ng\u01b0\u1eddi ch\u01a1i c\u1ee7a b\u1ea1n b\u1ecb ph\u00e1t hi\u1ec7n c\u00f3 b\u1ea5t k\u1ef3 h\u00e0nh vi gian l\u1eadn n\u00e0o, Dafabet c\u00f3 quy\u1ec1n kh\u1ea5u tr\u1eeb s\u1ed1 d\u01b0 c\u1ee7a nh\u1eefng t\u00e0i kho\u1ea3n ng\u01b0\u1eddi ch\u01a1i gian l\u1eadn n\u00e0y v\u00e0o kho\u1ea3n ti\u1ec1n hoa h\u1ed3ng c\u1ee7a b\u1ea1n ho\u1eb7c x\u00f3a c\u00e1c t\u00e0i kho\u1ea3n n\u00e0y ra kh\u1ecfi danh s\u00e1ch ng\u01b0\u1eddi ch\u01a1i \u0111\u00e3 \u0111\u01b0\u1ee3c b\u1ea1n gi\u1edbi thi\u1ec7u.<\/p>\n\n\n\n<p class=\"has-text-align-left\">9. \u201cHo\u00e0n tr\u1ea3 ti\u1ec1n\u201d: Ch\u1ee7 th\u1ebb t\u00edn d\u1ee5ng ph\u00e1t hi\u1ec7n c\u00e1c giao d\u1ecbch b\u1ea5t th\u01b0\u1eddng \u0111\u01b0\u1ee3c th\u1ef1c hi\u1ec7n tr\u00ean Th\u1ebb T\u00edn d\u1ee5ng\/Ghi n\u1ee3 c\u1ee7a m\u00ecnh m\u00e0 kh\u00f4ng \u0111\u01b0\u1ee3c m\u00ecnh \u1ee7y quy\u1ec1n. Ch\u1ee7 th\u1ebb sau \u0111\u00f3 y\u00eau c\u1ea7u ng\u00e2n h\u00e0ng c\u1ee7a m\u00ecnh ho\u00e0n tr\u1ea3 c\u00e1c kho\u1ea3n ph\u00ed n\u00e0y. Ho\u00e0n tr\u1ea3 ti\u1ec1n li\u00ean quan \u0111\u1ebfn c\u00e1c h\u00e0nh vi gian l\u1eadn \u0111\u01b0\u1ee3c th\u1ef1c hi\u1ec7n b\u1edfi b\u00ean th\u1ee9 ba c\u1ee7a th\u1ebb t\u00edn d\u1ee5ng ho\u1eb7c s\u1ed1 th\u1ebb.<br>9.1 N\u1ebfu ng\u01b0\u1eddi ch\u01a1i \u0111\u01b0\u1ee3c b\u1ea1n gi\u1edbi thi\u1ec7u b\u1ecb x\u1eed l\u00fd ho\u00e0n l\u1ea1i ti\u1ec1n t\u1eeb ph\u00eda ng\u00e2n h\u00e0ng th\u00ec doanh thu c\u01b0\u1ee3c ph\u00e1t sinh t\u1eeb kho\u1ea3n ti\u1ec1n b\u1ecb l\u1ea5y l\u1ea1i c\u1ee7a ng\u01b0\u1eddi ch\u01a1i n\u00e0y s\u1ebd b\u1ecb h\u1ee7y v\u00e0 kh\u00f4ng \u0111\u01b0\u1ee3c t\u00ednh v\u00e0o m\u1ee5c \u0111\u00edch t\u00ednh chia s\u1ebb hoa h\u1ed3ng cho b\u1ea1n trong th\u00e1ng hi\u1ec7n t\u1ea1i.<br>9.2 N\u1ebfu kho\u1ea3n kh\u1ea5u tr\u1eeb \u0111\u00f3 v\u01b0\u1ee3t qu\u00e1 s\u1ed1 ti\u1ec1n hoa h\u1ed3ng t\u00edch l\u0169y m\u00e0 b\u1ea1n hi\u1ec7n \u0111\u00e3 ki\u1ebfm \u0111\u01b0\u1ee3c, s\u1ed1 d\u01b0 c\u1ee7a b\u1ea1n s\u1ebd tr\u1edf l\u1ea1i s\u1ed1 d\u01b0 \u00e2m v\u00e0 b\u1ea1n c\u1ea7n ki\u1ebfm hoa h\u1ed3ng \u0111\u1ec3 b\u00f9 l\u1ea1i kho\u1ea3n ti\u1ec1n \u00e2m n\u00e0y tr\u01b0\u1edbc khi b\u1ea1n c\u00f3 th\u1ec3 b\u1eaft \u0111\u1ea7u t\u00edch l\u0169y l\u1ea1i doanh thu.<br>9.3 Kh\u00e1c v\u1edbi khi m\u1ed9t ng\u01b0\u1eddi ch\u01a1i th\u1eafng \u0111\u01b0\u1ee3c m\u1ed9t kho\u1ea3n ti\u1ec1n l\u1edbn, ch\u1ec9 k\u00e9o d\u00e0i m\u1ed9t th\u00e1ng, kho\u1ea3n ho\u00e0n tr\u1ea3 ti\u1ec1n s\u1ebd v\u1eabn c\u00f2n \u0111\u00f3 cho \u0111\u1ebfn khi l\u1ee3i nhu\u1eadn r\u00f2ng t\u1eeb c\u00e1c ng\u01b0\u1eddi ch\u01a1i kh\u00e1c c\u1ee7a b\u1ea1n \u0111\u00e3 b\u00f9 l\u1ea1i \u0111\u1ee7 s\u1ed1 ti\u1ec1n t\u01b0\u01a1ng \u1ee9ng. \u0110i\u1ec1u n\u00e0y c\u00f3 th\u1ec3 g\u00e2y phi\u1ec1n to\u00e1i cho c\u00e1c \u0111\u1ea1i l\u00fd, nh\u01b0ng ch\u00fang t\u00f4i ch\u1ec9 c\u00f3 th\u1ec3 tr\u1ea3 cho b\u1ea1n ph\u1ea7n hoa h\u1ed3ng t\u1eeb ph\u1ea7n tr\u0103m l\u1ee3i nhu\u1eadn r\u00f2ng c\u1ee7a nh\u1eefng ng\u01b0\u1eddi ch\u01a1i \u0111\u01b0\u1ee3c b\u1ea1n gi\u1edbi thi\u1ec7u th\u00e0nh c\u00f4ng, ch\u1ee9 kh\u00f4ng ph\u1ea3i cho doanh thu gian l\u1eadn.<\/p>\n\n\n\n<p class=\"has-text-align-left\">10.1. N\u1ebfu m\u1ed9t \u0111\u1ea1i l\u00fd kh\u00f4ng \u0111\u1ea1t \u0111\u01b0\u1ee3c m\u1ee9c hoa h\u1ed3ng t\u1ed1i thi\u1ec3u \u0111\u01b0\u1ee3c quy \u0111\u1ecbnh v\u00e0o m\u1ed9t th\u00e1ng n\u00e0o \u0111\u00f3, s\u1ed1 ti\u1ec1n hoa h\u1ed3ng ki\u1ebfm \u0111\u01b0\u1ee3c c\u1ee7a th\u00e1ng n\u00e0y s\u1ebd \u0111\u01b0\u1ee3c b\u1ea3o l\u01b0u sang th\u00e1ng ti\u1ebfp theo cho \u0111\u1ebfn khi \u0111\u1ea1t \u0111\u1ebfn m\u1ee9c t\u1ed1i thi\u1ec3u. N\u1ebfu t\u00e0i kho\u1ea3n \u1edf tr\u1ea1ng th\u00e1i \u00e2m (t\u1ee9c l\u00e0 s\u1ed1 ti\u1ec1n th\u1eafng c\u1ee7a kh\u00e1ch h\u00e0ng v\u01b0\u1ee3t qu\u00e1 ti\u1ec1n thua c\u1ee7a kh\u00e1ch h\u00e0ng), s\u1ed1 ti\u1ec1n \u00e2m c\u0169ng s\u1ebd \u0111\u01b0\u1ee3c chuy\u1ec3n sang (c\u00e1c) th\u00e1ng ti\u1ebfp theo. S\u1ed1 ti\u1ec1n hoa h\u1ed3ng s\u1ebd d\u1ef1a tr\u00ean t\u00ednh to\u00e1n v\u00e0 s\u1ed1 li\u1ec7u c\u1ee7a ch\u00fang t\u00f4i. S\u1ed1 d\u01b0 hoa h\u1ed3ng \u00e2m s\u1ebd \u0111\u01b0\u1ee3c kh\u1ea9u tr\u1eeb v\u00e0o hoa h\u1ed3ng c\u00f3 s\u1eb5n.<\/p>\n\n\n\n<p class=\"has-text-align-left\">10.2. T\u01b0\u01a1ng t\u1ef1 nh\u01b0 v\u1eady, n\u1ebfu c\u00e1c \u0111\u1ea1i l\u00fd kh\u00f4ng b\u1ea3o \u0111\u1ea3m n\u0103m (5) ng\u01b0\u1eddi ch\u01a1i ti\u1ec1n th\u1eadt c\u00f3 ph\u00e1t sinh n\u1ea1p ti\u1ec1n v\u00e0 \u0111\u1eb7t c\u01b0\u1ee3c trong m\u1ed9t th\u00e1ng, theo quy \u0111\u1ecbnh tr\u00ean, t\u1ea5t c\u1ea3 ti\u1ec1n hoa h\u1ed3ng trong th\u00e1ng s\u1ebd \u0111\u01b0\u1ee3c t\u00edch l\u0169y qua th\u00e1ng sau. Kh\u00f4ng c\u00f3 kho\u1ea3n thanh to\u00e1n hoa h\u1ed3ng n\u00e0o \u0111\u01b0\u1ee3c th\u1ef1c hi\u1ec7n cho \u0111\u1ebfn khi b\u1ea1n \u0111\u00e1p \u1ee9ng \u0111\u1ee7 c\u00e1c ti\u00eau ch\u00ed n\u00e0y.<\/p>\n\n\n\n<p class=\"has-text-align-left\">10.3. T\u1ea5t c\u1ea3 c\u00e1c kho\u1ea3n thanh to\u00e1n s\u1ebd \u0111\u01b0\u1ee3c thanh to\u00e1n b\u1eb1ng USD ho\u1eb7c \u0111\u01a1n v\u1ecb ti\u1ec1n t\u1ec7 b\u1ea1n ch\u1ecdn khi \u0111\u0103ng k\u00fd T\u00e0i kho\u1ea3n \u0111\u1ea1i l\u00fd. Khi quy \u0111\u1ed5i ti\u1ec1n t\u1ec7 \u0111\u01b0\u1ee3c y\u00eau c\u1ea7u, s\u1ed1 ti\u1ec1n t\u01b0\u01a1ng \u1ee9ng s\u1ebd \u0111\u01b0\u1ee3c chuy\u1ec3n \u0111\u1ed5i b\u1eb1ng c\u00e1ch s\u1eed d\u1ee5ng t\u1ef7 gi\u00e1 ti\u1ec1n t\u1ec7 c\u1ee7a ch\u00fang t\u00f4i t\u1ea1i th\u1eddi \u0111i\u1ec3m hoa h\u1ed3ng \u0111\u01b0\u1ee3c ph\u00e1t sinh. B\u1ea5t k\u1ef3 thay \u0111\u1ed5i n\u00e0o v\u1ec1 \u0111\u01a1n v\u1ecb ti\u1ec1n t\u1ec7 \u0111\u1ec1u ph\u1ea3i \u0111\u01b0\u1ee3c ti\u1ebfn h\u00e0nh qua y\u00eau c\u1ea7u b\u1eb1ng v\u0103n b\u1ea3n ho\u1eb7c email \u0111\u1ebfn Ng\u01b0\u1eddi qu\u1ea3n l\u00fd \u0111\u1ea1i l\u00fd c\u1ee7a ch\u00fang t\u00f4i. M\u1ecdi y\u00eau c\u1ea7u qua email ph\u1ea3i \u0111\u01b0\u1ee3c th\u1ef1c hi\u1ec7n b\u1eb1ng c\u00e1ch s\u1eed d\u1ee5ng email \u0111\u00e3 \u0111\u0103ng k\u00fd c\u1ee7a c\u00e1c \u0111\u1ea1i l\u00fd.<br>10.4. T\u1ea5t c\u1ea3 s\u1ed1 ti\u1ec1n b\u1ea1n ki\u1ebfm \u0111\u01b0\u1ee3c theo Ch\u01b0\u01a1ng Tr\u00ecnh \u0110\u1ea1i L\u00fd kh\u00f4ng bao g\u1ed3m t\u1ea5t c\u1ea3 c\u00e1c kho\u1ea3n ph\u00ed, thu\u1ebf (bao g\u1ed3m Thu\u1ebf gi\u00e1 tr\u1ecb gia t\u0103ng, n\u1ebfu c\u00f3), thu\u1ebf, ph\u00ed, thu\u1ebf m\u00f4n b\u00e0i ho\u1eb7c thu\u1ebf. C\u00e1c kho\u1ea3n ph\u00ed, thu\u1ebf, ph\u00ed, l\u1ec7 ph\u00ed, thu\u1ebf ti\u00eau th\u1ee5 \u0111\u1eb7c bi\u1ec7t ho\u1eb7c thu\u1ebf quan n\u00e0y s\u1ebd \u00e1p d\u1ee5ng cho t\u00e0i kho\u1ea3n c\u1ee7a b\u1ea1n theo t\u1ef7 gi\u00e1 hi\u1ec7n h\u00e0nh t\u1ea1i th\u1eddi \u0111i\u1ec3m chia s\u1ebb hoa h\u1ed3ng. \u0110\u1ec3 tr\u00e1nh nghi ng\u1edd, b\u1ea1n ph\u1ea3i ch\u1ecbu tr\u00e1ch nhi\u1ec7m duy nh\u1ea5t v\u00e0 ch\u1ecbu tr\u00e1ch nhi\u1ec7m ch\u00ednh \u0111\u1ed1i v\u1edbi b\u1ea5t k\u1ef3 kho\u1ea3n thu\u1ebf n\u00e0o \u0111\u01b0\u1ee3c \u00e1p d\u1ee5ng \u0111\u1ed1i v\u1edbi ph\u1ea7n thu nh\u1eadp ch\u1ecbu thu\u1ebf trong khu v\u1ef1c ph\u00e1p l\u00fd m\u00e0 b\u1ea1n \u0111ang c\u01b0 tr\u00fa v\u00ec m\u1ee5c \u0111\u00edch thu\u1ebf thu nh\u1eadp, nh\u01b0ng trong tr\u01b0\u1eddng h\u1ee3p Dafabet \u0111\u01b0\u1ee3c y\u00eau c\u1ea7u gi\u1eef l\u1ea1i b\u1ea5t k\u1ef3 kho\u1ea3n thu\u1ebf n\u00e0o b\u1ea1n ph\u1ea3i ch\u1ecbu tr\u00e1ch nhi\u1ec7m thanh to\u00e1n kho\u1ea3n thu\u1ebf \u0111\u00f3 th\u00ec b\u1ea1n s\u1ebd kh\u00f4ng \u0111\u01b0\u1ee3c ho\u00e0n b\u1ea5t k\u1ef3 kho\u1ea3n thu\u1ebf n\u00e0o t\u1eeb Dafabet.<\/p>\n\n\n\n<p class=\"has-text-align-left\">10.5. Thanh To\u00e1n. Ch\u00fang t\u00f4i s\u1ebd thanh to\u00e1n hoa h\u1ed3ng v\u00e0o cu\u1ed1i m\u1ed7i th\u00e1ng cho ph\u1ea7n thu nh\u1eadp c\u1ee7a th\u00e1ng tr\u01b0\u1edbc \u0111\u00f3. Tuy nhi\u00ean, \u0111\u1ea1i l\u00fd c\u1ea7n t\u00edch l\u0169y \u0111\u01b0\u1ee3c hoa h\u1ed3ng t\u1ed1i thi\u1ec3u USD 100 cho m\u1ed7i k\u1ef3 thanh to\u00e1n v\u00e0 c\u1ea7n c\u00f3 \u00edt nh\u1ea5t (5) ng\u01b0\u1eddi ch\u01a1i ho\u1ea1t \u0111\u1ed9ng \u0111\u1ec3 \u0111\u1ee7 \u0111i\u1ec1u ki\u1ec7n nh\u1eadn thanh to\u00e1n.<\/p>\n\n\n\n<p class=\"has-text-align-left\">10.6. C\u1eadp Nh\u1eadt Ph\u01b0\u01a1ng Th\u1ee9c Thanh To\u00e1n. \u0110\u1ea1i l\u00fd c\u00f3 th\u1ec3 c\u1eadp nh\u1eadt th\u00f4ng tin thanh to\u00e1n tr\u00ean trang qu\u1ea3n l\u00fd v\u00e0o ng\u00e0y 5 m\u1ed7i th\u00e1ng n\u1ebfu c\u00f3 nhu c\u1ea7u thay \u0111\u1ed5i. N\u1ebfu \u0111\u1ea1i l\u00fd c\u1eadp nh\u1eadt th\u00f4ng tin sau ng\u00e0y 5 s\u1ebd kh\u00f4ng c\u00f3 hi\u1ec7u l\u1ee5c m\u00e0 s\u1ebd c\u00f3 hi\u1ec7u l\u1ef1c v\u00e0o k\u1ef3 thanh to\u00e1n c\u1ee7a th\u00e1ng sau. \u0110i\u1ec1u n\u00e0y nh\u1eb1m \u0111\u1ea3m b\u1ea3o vi\u1ec7c thanh to\u00e1n s\u1ebd di\u1ec5n ra \u0111\u00fang th\u1eddi gian quy \u0111\u1ecbnh.<\/p>\n","protected":false},"excerpt":{"rendered":"Chia S\u1ebb L\u1ee3i Nhu\u1eadn \u0110\u1ea1i L\u00fd Dafabet 1. \u1ede Ch\u01b0\u01a1ng tr\u00ecnh \u0110\u1ea1i l\u00fd Dafabet, b\u1ea1n s\u1ebd nh\u1eadn \u0111\u01b0\u1ee3c hoa h\u1ed3ng h\u00e0ng th\u00e1ng v\u1edbi t\u1ef7 l\u1ec7 ban \u0111\u1ea7u l\u00e0 35% d\u1ef1a tr\u00ean t\u1ed5ng l\u1ee3i nhu\u1eadn r\u00f2ng t\u1eeb nh\u1eefng ng\u01b0\u1eddi ch\u01a1i thu\u1ed9c \u0111\u1ea1i l\u00fd c\u1ee7a m\u00ecnh, theo nh\u01b0 b\u1ea3ng b\u00ean d\u01b0\u1edbi. B\u1ea1n ki\u1ebfm \u0111\u01b0\u1ee3c c\u00e0ng \u0111\u00f4ng ng\u01b0\u1eddi&#8230; <a class=\"view-article\" href=\"https:\/\/www.dafabetaffiliates.com\/vn\/revenueshare\/\">View Article<\/a>","protected":false},"author":3,"featured_media":0,"parent":0,"menu_order":0,"comment_status":"closed","ping_status":"closed","template":"","meta":{"_acf_changed":false,"footnotes":""},"class_list":["post-348","page","type-page","status-publish","hentry"],"acf":[],"yoast_head":"<!-- This site is optimized with the Yoast SEO plugin v27.3 - https:\/\/yoast.com\/product\/yoast-seo-wordpress\/ -->\n<title>Chia S\u1ebb L\u1ee3i Nhu\u1eadn Dafabet - Ch\u01b0\u01a1ng Tr\u00ecnh \u0110\u1ea1i L\u00fd t\u1ea1i Dafabet.com<\/title>\n<meta name=\"robots\" content=\"index, follow, max-snippet:-1, max-image-preview:large, max-video-preview:-1\" \/>\n<link rel=\"canonical\" href=\"https:\/\/www.dafabetaffiliates.com\/vn\/revenueshare\/\" \/>\n<meta property=\"og:locale\" content=\"en_US\" \/>\n<meta property=\"og:type\" content=\"article\" \/>\n<meta property=\"og:title\" content=\"Chia S\u1ebb L\u1ee3i Nhu\u1eadn Dafabet - Ch\u01b0\u01a1ng Tr\u00ecnh \u0110\u1ea1i L\u00fd t\u1ea1i Dafabet.com\" \/>\n<meta property=\"og:description\" content=\"Chia S\u1ebb L\u1ee3i Nhu\u1eadn \u0110\u1ea1i L\u00fd Dafabet 1. \u1ede Ch\u01b0\u01a1ng tr\u00ecnh \u0110\u1ea1i l\u00fd Dafabet, b\u1ea1n s\u1ebd nh\u1eadn \u0111\u01b0\u1ee3c hoa h\u1ed3ng h\u00e0ng th\u00e1ng v\u1edbi t\u1ef7 l\u1ec7 ban \u0111\u1ea7u l\u00e0 35% d\u1ef1a tr\u00ean t\u1ed5ng l\u1ee3i nhu\u1eadn r\u00f2ng t\u1eeb nh\u1eefng ng\u01b0\u1eddi ch\u01a1i thu\u1ed9c \u0111\u1ea1i l\u00fd c\u1ee7a m\u00ecnh, theo nh\u01b0 b\u1ea3ng b\u00ean d\u01b0\u1edbi. B\u1ea1n ki\u1ebfm \u0111\u01b0\u1ee3c c\u00e0ng \u0111\u00f4ng ng\u01b0\u1eddi... View Article\" \/>\n<meta property=\"og:url\" content=\"https:\/\/www.dafabetaffiliates.com\/vn\/revenueshare\/\" \/>\n<meta property=\"og:site_name\" content=\"Ch\u01b0\u01a1ng Tr\u00ecnh \u0110\u1ea1i L\u00fd t\u1ea1i Dafabet.com\" \/>\n<meta property=\"article:modified_time\" content=\"2026-01-30T13:13:27+00:00\" \/>\n<meta name=\"twitter:card\" content=\"summary_large_image\" \/>\n<meta name=\"twitter:label1\" content=\"Est. reading time\" \/>\n\t<meta name=\"twitter:data1\" content=\"8 minutes\" \/>\n<script type=\"application\/ld+json\" class=\"yoast-schema-graph\">{\"@context\":\"https:\\\/\\\/schema.org\",\"@graph\":[{\"@type\":\"WebPage\",\"@id\":\"https:\\\/\\\/www.dafabetaffiliates.com\\\/vn\\\/revenueshare\\\/\",\"url\":\"https:\\\/\\\/www.dafabetaffiliates.com\\\/vn\\\/revenueshare\\\/\",\"name\":\"Chia S\u1ebb L\u1ee3i Nhu\u1eadn Dafabet - Ch\u01b0\u01a1ng Tr\u00ecnh \u0110\u1ea1i L\u00fd t\u1ea1i Dafabet.com\",\"isPartOf\":{\"@id\":\"https:\\\/\\\/www.dafabetaffiliates.com\\\/vn\\\/#website\"},\"datePublished\":\"2018-08-01T01:16:30+00:00\",\"dateModified\":\"2026-01-30T13:13:27+00:00\",\"breadcrumb\":{\"@id\":\"https:\\\/\\\/www.dafabetaffiliates.com\\\/vn\\\/revenueshare\\\/#breadcrumb\"},\"inLanguage\":\"en-US\",\"potentialAction\":[{\"@type\":\"ReadAction\",\"target\":[\"https:\\\/\\\/www.dafabetaffiliates.com\\\/vn\\\/revenueshare\\\/\"]}]},{\"@type\":\"BreadcrumbList\",\"@id\":\"https:\\\/\\\/www.dafabetaffiliates.com\\\/vn\\\/revenueshare\\\/#breadcrumb\",\"itemListElement\":[{\"@type\":\"ListItem\",\"position\":1,\"name\":\"Home\",\"item\":\"https:\\\/\\\/www.dafabetaffiliates.com\\\/vn\\\/\"},{\"@type\":\"ListItem\",\"position\":2,\"name\":\"Chia S\u1ebb L\u1ee3i Nhu\u1eadn Dafabet\"}]},{\"@type\":\"WebSite\",\"@id\":\"https:\\\/\\\/www.dafabetaffiliates.com\\\/vn\\\/#website\",\"url\":\"https:\\\/\\\/www.dafabetaffiliates.com\\\/vn\\\/\",\"name\":\"Ch\u01b0\u01a1ng Tr\u00ecnh \u0110\u1ea1i L\u00fd t\u1ea1i Dafabet.com\",\"description\":\"\",\"potentialAction\":[{\"@type\":\"SearchAction\",\"target\":{\"@type\":\"EntryPoint\",\"urlTemplate\":\"https:\\\/\\\/www.dafabetaffiliates.com\\\/vn\\\/?s={search_term_string}\"},\"query-input\":{\"@type\":\"PropertyValueSpecification\",\"valueRequired\":true,\"valueName\":\"search_term_string\"}}],\"inLanguage\":\"en-US\"}]}<\/script>\n<!-- \/ Yoast SEO plugin. -->","yoast_head_json":{"title":"Chia S\u1ebb L\u1ee3i Nhu\u1eadn Dafabet - Ch\u01b0\u01a1ng Tr\u00ecnh \u0110\u1ea1i L\u00fd t\u1ea1i Dafabet.com","robots":{"index":"index","follow":"follow","max-snippet":"max-snippet:-1","max-image-preview":"max-image-preview:large","max-video-preview":"max-video-preview:-1"},"canonical":"https:\/\/www.dafabetaffiliates.com\/vn\/revenueshare\/","og_locale":"en_US","og_type":"article","og_title":"Chia S\u1ebb L\u1ee3i Nhu\u1eadn Dafabet - Ch\u01b0\u01a1ng Tr\u00ecnh \u0110\u1ea1i L\u00fd t\u1ea1i Dafabet.com","og_description":"Chia S\u1ebb L\u1ee3i Nhu\u1eadn \u0110\u1ea1i L\u00fd Dafabet 1. \u1ede Ch\u01b0\u01a1ng tr\u00ecnh \u0110\u1ea1i l\u00fd Dafabet, b\u1ea1n s\u1ebd nh\u1eadn \u0111\u01b0\u1ee3c hoa h\u1ed3ng h\u00e0ng th\u00e1ng v\u1edbi t\u1ef7 l\u1ec7 ban \u0111\u1ea7u l\u00e0 35% d\u1ef1a tr\u00ean t\u1ed5ng l\u1ee3i nhu\u1eadn r\u00f2ng t\u1eeb nh\u1eefng ng\u01b0\u1eddi ch\u01a1i thu\u1ed9c \u0111\u1ea1i l\u00fd c\u1ee7a m\u00ecnh, theo nh\u01b0 b\u1ea3ng b\u00ean d\u01b0\u1edbi. B\u1ea1n ki\u1ebfm \u0111\u01b0\u1ee3c c\u00e0ng \u0111\u00f4ng ng\u01b0\u1eddi... View Article","og_url":"https:\/\/www.dafabetaffiliates.com\/vn\/revenueshare\/","og_site_name":"Ch\u01b0\u01a1ng Tr\u00ecnh \u0110\u1ea1i L\u00fd t\u1ea1i Dafabet.com","article_modified_time":"2026-01-30T13:13:27+00:00","twitter_card":"summary_large_image","twitter_misc":{"Est. reading time":"8 minutes"},"schema":{"@context":"https:\/\/schema.org","@graph":[{"@type":"WebPage","@id":"https:\/\/www.dafabetaffiliates.com\/vn\/revenueshare\/","url":"https:\/\/www.dafabetaffiliates.com\/vn\/revenueshare\/","name":"Chia S\u1ebb L\u1ee3i Nhu\u1eadn Dafabet - Ch\u01b0\u01a1ng Tr\u00ecnh \u0110\u1ea1i L\u00fd t\u1ea1i Dafabet.com","isPartOf":{"@id":"https:\/\/www.dafabetaffiliates.com\/vn\/#website"},"datePublished":"2018-08-01T01:16:30+00:00","dateModified":"2026-01-30T13:13:27+00:00","breadcrumb":{"@id":"https:\/\/www.dafabetaffiliates.com\/vn\/revenueshare\/#breadcrumb"},"inLanguage":"en-US","potentialAction":[{"@type":"ReadAction","target":["https:\/\/www.dafabetaffiliates.com\/vn\/revenueshare\/"]}]},{"@type":"BreadcrumbList","@id":"https:\/\/www.dafabetaffiliates.com\/vn\/revenueshare\/#breadcrumb","itemListElement":[{"@type":"ListItem","position":1,"name":"Home","item":"https:\/\/www.dafabetaffiliates.com\/vn\/"},{"@type":"ListItem","position":2,"name":"Chia S\u1ebb L\u1ee3i Nhu\u1eadn Dafabet"}]},{"@type":"WebSite","@id":"https:\/\/www.dafabetaffiliates.com\/vn\/#website","url":"https:\/\/www.dafabetaffiliates.com\/vn\/","name":"Ch\u01b0\u01a1ng Tr\u00ecnh \u0110\u1ea1i L\u00fd t\u1ea1i Dafabet.com","description":"","potentialAction":[{"@type":"SearchAction","target":{"@type":"EntryPoint","urlTemplate":"https:\/\/www.dafabetaffiliates.com\/vn\/?s={search_term_string}"},"query-input":{"@type":"PropertyValueSpecification","valueRequired":true,"valueName":"search_term_string"}}],"inLanguage":"en-US"}]}},"_links":{"self":[{"href":"https:\/\/www.dafabetaffiliates.com\/vn\/wp-json\/wp\/v2\/pages\/348","targetHints":{"allow":["GET"]}}],"collection":[{"href":"https:\/\/www.dafabetaffiliates.com\/vn\/wp-json\/wp\/v2\/pages"}],"about":[{"href":"https:\/\/www.dafabetaffiliates.com\/vn\/wp-json\/wp\/v2\/types\/page"}],"author":[{"embeddable":true,"href":"https:\/\/www.dafabetaffiliates.com\/vn\/wp-json\/wp\/v2\/users\/3"}],"replies":[{"embeddable":true,"href":"https:\/\/www.dafabetaffiliates.com\/vn\/wp-json\/wp\/v2\/comments?post=348"}],"version-history":[{"count":5,"href":"https:\/\/www.dafabetaffiliates.com\/vn\/wp-json\/wp\/v2\/pages\/348\/revisions"}],"predecessor-version":[{"id":1143,"href":"https:\/\/www.dafabetaffiliates.com\/vn\/wp-json\/wp\/v2\/pages\/348\/revisions\/1143"}],"wp:attachment":[{"href":"https:\/\/www.dafabetaffiliates.com\/vn\/wp-json\/wp\/v2\/media?parent=348"}],"curies":[{"name":"wp","href":"https:\/\/api.w.org\/{rel}","templated":true}]}}